{"id":6700,"date":"2018-07-23T12:03:13","date_gmt":"2018-07-23T10:03:13","guid":{"rendered":"http:\/\/www.e-werk-prad.it\/?page_id=6700\/"},"modified":"2022-01-05T17:47:04","modified_gmt":"2022-01-05T16:47:04","slug":"privacy","status":"publish","type":"page","link":"https:\/\/www.e-werk-prad.it\/it\/privacy\/","title":{"rendered":"Privacy"},"content":{"rendered":"<div class=\"wpb-content-wrapper\">[vc_row][vc_column][mk_padding_divider size=&#8221;20&#8243;][\/vc_column][\/vc_row][vc_row][vc_column][mk_fancy_title size=&#8221;36&#8243; force_font_size=&#8221;true&#8221; size_tablet=&#8221;32&#8243; size_phone=&#8221;26&#8243; txt_transform=&#8221;uppercase&#8221; margin_top=&#8221;60&#8243; margin_bottom=&#8221;50&#8243; font_family=&#8221;none&#8221; align=&#8221;center&#8221;]Privacy[\/mk_fancy_title][vc_column_text css=&#8221;.vc_custom_1641401222642{margin-bottom: 50px !important;}&#8221;]<strong><a  href=\"#consent-change\" role=\"button\" id=\"rcb-sc-link-change\" data-success-message=\"\" class=\"rcb-sc-link rcb-sc-link-change \">Cambia le impostazioni della privacy<\/a>\n<\/strong><strong><a  href=\"#consent-revoke\" role=\"button\" id=\"rcb-sc-link-revoke\" data-success-message=\"Hai revocato con successo il tuo consenso. La pagina verr\u00e0 ora ricaricata.\" class=\"rcb-sc-link rcb-sc-link-revoke \">Revoca i consensi<\/a><\/strong><\/p>\n<p><strong>Informativa sulla protezione dei dati personali ai sensi dell\u2019art. 13 del Regolamento europeo sulla protezione dei dati n. 679\/2016<\/strong><\/p>\n<p>Prendiamo molto sul serio la protezione dei Suoi dati personali e, nell\u2019ambito della nostra attivit\u00e0, adottiamo tutte le misure necessarie per garantire tale tutela in conformit\u00e0 con il Regolamento europeo sulla protezione dei dati e con la legislazione nazionale.<\/p>\n<p>Come previsto dalla normativa sulla protezione dei dati personali, con la presente La informiamo in merito al <strong>trattamento dei Suoi dati personali durante l\u2019utilizzo del sito web.<\/strong><\/p>\n<p><strong>Considerazioni generali<br \/>\n<\/strong>La presente informativa riguarda soltanto questo sito Internet. Qualora venisse reindirizzata ad altri siti tramite link, Le raccomandiamo di informarsi direttamente su tali siti in merito al trattamento dei Suoi dati.<\/p>\n<p>I paragrafi seguenti La informano sul modo, l\u2019ambito e lo scopo della raccolta, dell\u2019elaborazione e dell\u2019utilizzo dei dati personali durante l\u2019utilizzo del sito Internet.<\/p>\n<p>Questo sito Internet pu\u00f2 in genere essere utilizzato senza alcuna indicazione di dati personali. Pu\u00f2 tuttavia capitare che, nella misura tecnicamente necessaria, per l\u2019utilizzo di questo sito vengano raccolte informazioni relative al comportamento dell\u2019utente (cookie) nonch\u00e9 altri dati (p.es. l\u2019indirizzo IP).<\/p>\n<p>La Azienda Energetica Prato Soc. Coop raccoglie e memorizza automaticamente nei propri server alcune informazioni trasmesse dal browser, ove queste vengano forniti. Questi dati non possono essere associati a una specifica persona e non \u00e8 previsto il loro ricongiungimento con altre fonti di dati.<\/p>\n<p><strong>Moduli di contatto<br \/>\n<\/strong>Durante l\u2019utilizzo di determinati servizi (p.es. modulo di contatto o strumenti), attraverso i nostri siti vengono raccolti anche altri dati personali (p.es. nome, indirizzo o indirizzi di posta elettronica). Ci\u00f2 avviene sempre su base volontaria ed i dati vengono forniti dall\u2019utente stesso. Senza la Sua esplicita autorizzazione, questi dati non saranno trasmessi a terzi e i dati da Lei forniti saranno utilizzati esclusivamente per la prestazione del servizio richiesto. I Suoi dati riportati nel modulo di richiesta, ivi inclusi i dati di contatto da Lei forniti per dare corso alla richiesta e per eventuali domande successive, saranno da noi memorizzati.<\/p>\n<p><strong>Analisi Web con Google Analytics<br \/>\n<\/strong>Questo sito Internet utilizza funzioni del servizio di analisi web Google Analytics. Tale servizio \u00e8 fornito da Google Inc., 1600 Amphitheatre Parkway, Mountain View, CA 94043, USA. Google Analytics utilizza cookies mirati.<\/p>\n<p>Pu\u00f2 trovare ulteriori informazioni sul trattamento dei dati degli utenti da parte di Google Analytics nell\u2019informativa sulla protezione dei dati di Google: <a href=\"https:\/\/support.google.com\/analytics\/answer\/6004245?hl=it\">https:\/\/support.google.com\/analytics\/answer\/6004245?hl=it<\/a><\/p>\n<p>Pu\u00f2 impedire l\u2019acquisizione dei Suoi dati da parte di Google Analytics cliccando sul seguente <a href=\"https:\/\/support.google.com\/analytics\/answer\/181881?hl=it\" target=\"_blank\" rel=\"noopener\">link<\/a> In tal modo viene impostato un cookie di dissociazione che impedisce la raccolta dei dati durante le visite future a questo sito Internet.<\/p>\n<p>Questo sito Internet utilizza Google Analytics con l\u2019estensione \u201canonymizeIP()\u201d affinch\u00e9 gli indirizzi IP vengano elaborati solo in forma abbreviata, escludendo cos\u00ec la possibilit\u00e0 di individuare riferimenti personali diretti.<\/p>\n<p><strong>File di Log del Server<br \/>\n<\/strong>Il fornitore delle pagine raccoglie e memorizza automaticamente le informazioni nei cosiddetti file di log del server, che il Suo browser ci trasmette automaticamente. Queste riguardano:<\/p>\n<ul>\n<li>il tipo di browser e la versione,<\/li>\n<li>il sistema operativo utilizzato,<\/li>\n<li>l\u2019URL di riferimento,<\/li>\n<li>il nome host del computer di accesso,<\/li>\n<li>l\u2019orario della richiesta al server,<\/li>\n<li>l\u2019indirizzo IP.<\/li>\n<\/ul>\n<p>Questi dati non possono essere associati a determinate persone. Non \u00e8 previsto il ricongiungimento dei dati con altre fonti di dati. Il legislatore ci impone di conservare questi dati per il tempo prescritto dalla legge per eventuali azioni penali; ci riserviamo di verificare successivamente i dati qualora dovessimo venire a conoscenza di indizi concreti di un uso illecito.<\/p>\n<p><strong>Periodo di conservazione<br \/>\n<\/strong>I Suoi dati personali saranno conservati solo per il tempo necessario alla prestazione dei servizi richiesti ovvero per il periodo di tempo previsto dalla legge (p.es. normativa fiscale, civile e di vigilanza). Per quanto riguarda il periodo di conservazione, si precisa che il termine di prescrizione ordinario ai sensi dell\u2019art. 2946 c.c. \u00e8 di dieci anni.<\/p>\n<p><strong>Trasferimento di dati a terzi<br \/>\n<\/strong>Nel ambito della gestione del server web il nostro fornitore incaricato, SEV Data ha accesso ai dati personali. Per questo motive \u00e8 stato nominato \u201cResponsabile del trattamento\u201d<\/p>\n<p><strong>Diritti dell\u2019Interessato<br \/>\n<\/strong>Le disposizioni in materia di protezione dei dati personali riconoscono all\u2019Interessato determinati diritti in merito al trattamento dei suoi dati.<\/p>\n<p>In particolare, l\u2019Interessato pu\u00f2 chiedere in qualsiasi momento alla Societ\u00e0 cooperativa informazioni circa l\u2019esistenza di dati che lo riguardano, la loro origine e le modalit\u00e0 del loro trattamento. L\u2019interessato ha, inoltre, il diritto di ottenere l\u2019aggiornamento, la rettifica e l\u2019integrazione dei dati che lo riguardano, ove questi siano incompleti o inesatti, nonch\u00e9 la cancellazione dei dati, la limitazione dei dati trattati in violazione della legge, oltre che di opporsi al trattamento dei dati in generale. L\u2019interessato ha altres\u00ec il diritto di ottenere su richiesta che i suoi dati personali gli siano messi a disposizione in forma intelligibile ovvero che siano trasferiti a terzi.<\/p>\n<p>Facciamo presente che in qualsiasi momento l\u2019Interessato ha il diritto di modificare ovvero di revocare il proprio consenso al trattamento dei dati.<\/p>\n<p>Per esercitare tali diritti l\u2019Interessato pu\u00f2 rivolgersi direttamente alla Azienda Energetica Prato Soc. Coop in veste di Titolare del trattamento. Eventuali richieste vanno rivolte per iscritto alla Societ\u00e0 cooperativa, come descritto pi\u00f9 dettagliatamente di seguito.<\/p>\n<p>Eventuali reclami possono essere indirizzati al \u201cGarante della Protezione dei Dati Personali\u201d, Piazza Montecitorio 121, 00186 Roma, e-mail: garante@gpdp.it.<\/p>\n<p><strong>Titolare del trattamento<br \/>\n<\/strong>Titolare del trattamento \u00e8 la Azienda Energetica Prato Soc. Coop con sede in 39026 Prato allo Stelvio, Via Croce 5\/C, \u00a0Tel: +39 0473 616202, E-Mail: info@e-werk-prad.it<\/p>\n<p><strong>Cookie Policy<\/strong><\/p>\n<p><strong>Cosa sono i cookie?<\/strong><br \/>\nI cookie sono piccole porzioni di dati inviate da un sito web e conservate sul dispositivo dell\u2019utente durante la navigazione. I cookie hanno varie funzioni: ad esempio, raccolgono informazioni sulle attivit\u00e0 effettuate in precedenza dall\u2019utente in modo tale da rendere la navigazione pi\u00f9 efficiente e piacevole, ricordano le preferenze impostate, consentono la navigazione e permettono l\u2019autenticazione in caso di registrazione o acquisto effettuato per mezzo del sito web. Infine, l\u2019uso dei cookie serve a garantire che gli annunci visualizzati dall\u2019utente siano pi\u00f9 in linea con i suoi interessi. L\u2019uso dei cookie non danneggia in nessun modo il computer; inoltre, essi vengono cancellati dopo un certo lasso di tempo, ad esempio dopo sei mesi. Per ulteriori informazioni sui cookie, si prega di consultare il sito: <a href=\"http:\/\/www.allaboutcookies.org\">www.allaboutcookies.org<\/a>.<\/p>\n<p><strong>Questo sito fa uso di cookie?<\/strong><br \/>\nS\u00ed. I cookie sono piccoli file memorizzati sul dispositivo dell\u2019utente durante la navigazione. Il loro scopo \u00e8 da un lato far funzionare pi\u00f9 efficacemente il sito e abilitarne determinate funzionalit\u00e0; dall\u2019altro permettono di raccogliere informazioni statistiche sul numero di utenti e sul loro utilizzo del sito al fine di migliorare e ottimizzare l\u2019esperienza di navigazione e i servizi stessi. Tutte le informazioni raccolte a tal fine sono &#8220;aggregate&#8221; e quindi anonime.<\/p>\n<p><strong>Devo accettare i cookie per poter visitare il sito?<\/strong><br \/>\nNo, non necessariamente. \u00c8 possibile disabilitare i cookie, compresi quelli utilizzati dal nostro sito web, semplicemente disattivando la funzione dei cookie nel proprio browser. Disabilitando i cookies tuttavia il sito potrebbe non funzionare correttamente e alcune funzioni potrebbero non essere accessibili.<\/p>\n<p><strong>Cookie tecnici legati al CMS:<\/strong><\/p>\n<p><strong>Attivit\u00e0 strettamente necessarie al funzionamento:<\/strong><br \/>\nQuesto sito web potrebbe utilizzare cookie per salvare la sessione dell\u2019utente e per svolgere altre attivit\u00e0 strettamente necessarie al funzionamento di questo sito web, ad esempio in relazione alla distribuzione del traffico.<\/p>\n<p><strong>Attivit\u00e0 di salvataggio delle preferenze, ottimizzazione e statistica:<\/strong><br \/>\nQuesto sito web potrebbe utilizzare cookie per salvare le preferenze di navigazione ed ottimizzare l\u2019esperienza di navigazione dell\u2019utente. Fra questi cookie rientrano, ad esempio, quelli per impostare la lingua e la valuta o per la gestione di statistiche da parte del titolare del sito.<\/p>\n<p><strong>Cookies di terze parti:<\/strong><\/p>\n<p><strong>Fuchsdesign consente a terzi di installare cookie o tecnologie web simili sui propri siti web?<\/strong><br \/>\nDi norma, Fuchsdesign non consente a terzi (come ad es. agenzie pubblicitarie) di installare cookie sui propri siti web o di svolgere attivit\u00e0 di natura promozionale. Tuttavia, \u00e8 possibile che alcuni individui pubblichino dei contenuti di terze parti su alcuni dei nostri siti web, come le pagine delle reti sociali. Questi contenuti potrebbero includere video di YouTube o altri siti, o contenuti integrati e strumenti di condivisioni di altri siti di terze parti. Poich\u00e9 non possiamo controllare la diffusione dei cookie da parte di siti non di propriet\u00e0 o non operati da Fuchsdesign, per ottenere maggiori informazioni in merito a tali cookie, e per verificare se sia possibile disabilitarli, sar\u00e0 necessario controllare i siti delle terze parti interessate. Generalmente, \u00e8 comunque possibile disabilitare i cookie di terze parti modificando le impostazioni del browser. Le istruzioni per la disabilitazione sono disponibili sul sito <a href=\"http:\/\/www.aboutcookies.org\">www.aboutcookies.org<\/a>.<\/p>\n<p><strong>Google Analytics:<\/strong><br \/>\nIl presente sito web potrebbe utilizzare Google Analytics, un servizio di analisi web della Google Inc. (&#8220;Google&#8221;) che permette di raccogliere informazioni sugli utenti, ad esempio sul numero di utenti che visitano il sito e sulle modalit\u00e0 di visita del sito, in forma pi\u00f9 o meno aggregata. Questo programma utilizza i cosiddetti &#8220;cookies&#8221;, cio\u00e8 file di testo salvati sul vostro pc per rendere possibile l\u2019analisi dell\u2019uso del sito web. I cookies analitici sono assimilabili ai cookise tecnici laddove le informazioni raccolte siano in forma aggregata e non sia possibile identificare le abitudini del singolo utente; Nello specifico \u00e9 stato anonimizzato, almeno parzialmente, l\u2019indirizzo IP dell\u2019utente che visita il sito ed eliminato le condivisioni dei dati con Google. Per la disattivazione di Google Analytics: <a href=\"https:\/\/support.google.com\/analytics\/answer\/181881?hl=it\">leggi<\/a><br \/>\n<em>I cookie di Google Analytics sono stati anonimizzati e si \u00e8 impedita la condivisione delle informazioni con Google.<\/em><\/p>\n<p>Gli utenti possono disattivare la registrazione dei cookie di Google dal proprio browser seguendo le indicazioni riportate alle pagine:<br \/>\n<a href=\"https:\/\/policies.google.com\/technologies\/ads?hl=it\">Norme e principi di Google per la Privacy<\/a><br \/>\n<a href=\"https:\/\/adssettings.google.com\/u\/0\/authenticated?hl=it\">Gestione preferenza annunci<\/a><\/p>\n<p>Utilizzando il presente sito web, acconsentite al trattamento dei vostri dati da parte di Google per le modalit\u00e0 e i fini sopraindicati.<\/p>\n<p><strong>Visualizzazione di contenuti da piattaforme esterne:<\/strong><\/p>\n<p><strong>Google Maps:<\/strong><br \/>\nGoogle Maps \u00e8 un servizio di visualizzazione di mappe gestito da Google Inc. che permette a questo sito web di integrare tali contenuti all\u2019interno delle proprie pagine. <a href=\"https:\/\/policies.google.com\/privacy?hl=it&amp;gl=it\">Privacy Policy<\/a><\/p>\n<p><strong>Google Fonts:<\/strong><br \/>\nGoogle Fonts \u00e8 un servizio di visualizzazione di stili di carattere gestito da Google Inc. che permette a questo sito web di integrare tali contenuti all\u2019interno delle proprie pagine. L\u2019uso delle Google Font non prevede autenticazione. Nessun cookie viene inviato dai visitatori del sito web alle Fonts API. <a href=\"https:\/\/policies.google.com\/privacy?hl=it&amp;gl=it\">Privacy Policy<\/a><\/p>\n<p><strong>YouTube:<\/strong><br \/>\nYouTube \u00e8 un servizio di visualizzazione di contenuti video gestito da Google Inc. che permette a questo sito web di integrare tali contenuti all\u2019interno delle proprie pagine. <a href=\"https:\/\/policies.google.com\/privacy?hl=it&amp;gl=it\">Privacy Policy<\/a><\/p>\n<p>Dal momento che l\u2019installazione di cookie e di altri sistemi di tracciamento operata da terze parti tramite i servizi utilizzati all\u2019interno di questo sito web non pu\u00f2 essere tecnicamente controllata dal titolare, ogni riferimento specifico a cookie e sistemi di tracciamento installati da terze parti \u00e8 da considerarsi indicativo. Per ottenere informazioni complete, l\u2019utente \u00e8 invitato a consultare la privacy policy degli eventuali servizi terzi elencati in questo documento. Vista l\u2019oggettiva complessit\u00e0 di identificazione delle tecnologie basate sui cookie l\u2019utente \u00e8 invitato a contattare il titolare qualora volesse ricevere qualunque approfondimento relativo all\u2019utilizzo dei cookie stessi tramite questo sito web.<\/p>\n<p><strong>Negazione \/ revoca del consenso:<\/strong><br \/>\nPer negare\/revocare il consenso all\u2019utilizzo di uno o pi\u00f9 cookie di profilazione di terze parti potrai:<\/p>\n<ul>\n<li>Accedere ai Link delle terze parti sopra riportati<\/li>\n<li>Visitare il sito <a href=\"http:\/\/www.youronlinechoices.com\/\">www.youronlinechoices.com<\/a><\/li>\n<\/ul>\n<p><strong>Disabilitazione dei cookie:<\/strong><br \/>\n<a href=\"https:\/\/support.google.com\/accounts\/answer\/61416?hl=it\">Chrome<\/a><br \/>\n<a href=\"https:\/\/support.mozilla.org\/it\/kb\/Attivare%20e%20disattivare%20i%20cookie\">Mozilla Firefox<\/a><br \/>\n<a href=\"https:\/\/support.microsoft.com\/de-de\/help\/17442\/windows-internet-explorer-delete-manage-cookies\">Internet Explorer<\/a><br \/>\n<a href=\"https:\/\/support.apple.com\/it-it\/HT201265\">Safari<\/a><\/p>\n<p>Nel caso in cui si utilizzi un browser differente si consiglia di guardare nel sito del produttore l\u2019apposita guida per la disattivazione dei cookies.[\/vc_column_text][\/vc_column][\/vc_row][vc_row fullwidth=&#8221;true&#8221;][vc_column][mk_divider style=&#8221;thin_solid&#8221; thin_single_color=&#8221;#444444&#8243; margin_top=&#8221;40&#8243; margin_bottom=&#8221;40&#8243;][\/vc_column][\/vc_row]\n<\/div>","protected":false},"excerpt":{"rendered":"<p>[vc_row][vc_column][mk_padding_divider size=&#8221;20&#8243;][\/vc_column][\/vc_row][vc_row][vc_column][mk_fancy_title size=&#8221;36&#8243; force_font_size=&#8221;true&#8221; size_tablet=&#8221;32&#8243; size_phone=&#8221;26&#8243; txt_transform=&#8221;uppercase&#8221; margin_top=&#8221;60&#8243; margin_bottom=&#8221;50&#8243; font_family=&#8221;none&#8221; align=&#8221;center&#8221;]Privacy[\/mk_fancy_title][vc_column_text css=&#8221;.vc_custom_1641401222642{margin-bottom: 50px !important;}&#8221;] Informativa sulla protezione dei dati personali ai sensi dell\u2019art. 13 del Regolamento europeo sulla protezione dei dati n. 679\/2016 Prendiamo molto sul serio la protezione dei Suoi dati personali e, nell\u2019ambito della nostra attivit\u00e0, adottiamo tutte le misure necessarie per garantire [&hellip;]<\/p>\n","protected":false},"author":1,"featured_media":0,"parent":0,"menu_order":0,"comment_status":"closed","ping_status":"closed","template":"","meta":{"footnotes":""},"class_list":["post-6700","page","type-page","status-publish","hentry"],"yoast_head":"<!-- This site is optimized with the Yoast SEO plugin v27.4 - https:\/\/yoast.com\/product\/yoast-seo-wordpress\/ -->\n<title>Privacy - Azienda Energetica Prato<\/title>\n<meta name=\"robots\" content=\"index, follow, max-snippet:-1, max-image-preview:large, max-video-preview:-1\" \/>\n<link rel=\"canonical\" href=\"https:\/\/www.e-werk-prad.it\/it\/privacy\/\" \/>\n<meta property=\"og:locale\" content=\"it_IT\" \/>\n<meta property=\"og:type\" content=\"article\" \/>\n<meta property=\"og:title\" content=\"Privacy - Azienda Energetica Prato\" \/>\n<meta property=\"og:description\" content=\"[vc_row][vc_column][mk_padding_divider size=&#8221;20&#8243;][\/vc_column][\/vc_row][vc_row][vc_column][mk_fancy_title size=&#8221;36&#8243; force_font_size=&#8221;true&#8221; size_tablet=&#8221;32&#8243; size_phone=&#8221;26&#8243; txt_transform=&#8221;uppercase&#8221; margin_top=&#8221;60&#8243; margin_bottom=&#8221;50&#8243; font_family=&#8221;none&#8221; align=&#8221;center&#8221;]Privacy[\/mk_fancy_title][vc_column_text css=&#8221;.vc_custom_1641401222642{margin-bottom: 50px !important;}&#8221;] Informativa sulla protezione dei dati personali ai sensi dell\u2019art. 13 del Regolamento europeo sulla protezione dei dati n. 679\/2016 Prendiamo molto sul serio la protezione dei Suoi dati personali e, nell\u2019ambito della nostra attivit\u00e0, adottiamo tutte le misure necessarie per garantire [&hellip;]\" \/>\n<meta property=\"og:url\" content=\"https:\/\/www.e-werk-prad.it\/it\/privacy\/\" \/>\n<meta property=\"og:site_name\" content=\"Azienda Energetica Prato\" \/>\n<meta property=\"article:modified_time\" content=\"2022-01-05T16:47:04+00:00\" \/>\n<meta name=\"twitter:card\" content=\"summary_large_image\" \/>\n<meta name=\"twitter:label1\" content=\"Tempo di lettura stimato\" \/>\n\t<meta name=\"twitter:data1\" content=\"10 minuti\" \/>\n<script type=\"application\/ld+json\" class=\"yoast-schema-graph\">{\"@context\":\"https:\\\/\\\/schema.org\",\"@graph\":[{\"@type\":\"WebPage\",\"@id\":\"https:\\\/\\\/www.e-werk-prad.it\\\/it\\\/privacy\\\/\",\"url\":\"https:\\\/\\\/www.e-werk-prad.it\\\/it\\\/privacy\\\/\",\"name\":\"Privacy - Azienda Energetica Prato\",\"isPartOf\":{\"@id\":\"https:\\\/\\\/www.e-werk-prad.it\\\/it\\\/#website\"},\"datePublished\":\"2018-07-23T10:03:13+00:00\",\"dateModified\":\"2022-01-05T16:47:04+00:00\",\"breadcrumb\":{\"@id\":\"https:\\\/\\\/www.e-werk-prad.it\\\/it\\\/privacy\\\/#breadcrumb\"},\"inLanguage\":\"it-IT\",\"potentialAction\":[{\"@type\":\"ReadAction\",\"target\":[\"https:\\\/\\\/www.e-werk-prad.it\\\/it\\\/privacy\\\/\"]}]},{\"@type\":\"BreadcrumbList\",\"@id\":\"https:\\\/\\\/www.e-werk-prad.it\\\/it\\\/privacy\\\/#breadcrumb\",\"itemListElement\":[{\"@type\":\"ListItem\",\"position\":1,\"name\":\"Startseite\",\"item\":\"https:\\\/\\\/www.e-werk-prad.it\\\/it\\\/\"},{\"@type\":\"ListItem\",\"position\":2,\"name\":\"Privacy\"}]},{\"@type\":\"WebSite\",\"@id\":\"https:\\\/\\\/www.e-werk-prad.it\\\/it\\\/#website\",\"url\":\"https:\\\/\\\/www.e-werk-prad.it\\\/it\\\/\",\"name\":\"Energiewerk Prad\",\"description\":\"\",\"publisher\":{\"@id\":\"https:\\\/\\\/www.e-werk-prad.it\\\/it\\\/#organization\"},\"potentialAction\":[{\"@type\":\"SearchAction\",\"target\":{\"@type\":\"EntryPoint\",\"urlTemplate\":\"https:\\\/\\\/www.e-werk-prad.it\\\/it\\\/?s={search_term_string}\"},\"query-input\":{\"@type\":\"PropertyValueSpecification\",\"valueRequired\":true,\"valueName\":\"search_term_string\"}}],\"inLanguage\":\"it-IT\"},{\"@type\":\"Organization\",\"@id\":\"https:\\\/\\\/www.e-werk-prad.it\\\/it\\\/#organization\",\"name\":\"Energiewerk Prad\",\"url\":\"https:\\\/\\\/www.e-werk-prad.it\\\/it\\\/\",\"logo\":{\"@type\":\"ImageObject\",\"inLanguage\":\"it-IT\",\"@id\":\"https:\\\/\\\/www.e-werk-prad.it\\\/it\\\/#\\\/schema\\\/logo\\\/image\\\/\",\"url\":\"https:\\\/\\\/www.e-werk-prad.it\\\/wp-content\\\/uploads\\\/ewerk-prad-logo.png\",\"contentUrl\":\"https:\\\/\\\/www.e-werk-prad.it\\\/wp-content\\\/uploads\\\/ewerk-prad-logo.png\",\"width\":92,\"height\":65,\"caption\":\"Energiewerk Prad\"},\"image\":{\"@id\":\"https:\\\/\\\/www.e-werk-prad.it\\\/it\\\/#\\\/schema\\\/logo\\\/image\\\/\"}}]}<\/script>\n<!-- \/ Yoast SEO plugin. -->","yoast_head_json":{"title":"Privacy - Azienda Energetica Prato","robots":{"index":"index","follow":"follow","max-snippet":"max-snippet:-1","max-image-preview":"max-image-preview:large","max-video-preview":"max-video-preview:-1"},"canonical":"https:\/\/www.e-werk-prad.it\/it\/privacy\/","og_locale":"it_IT","og_type":"article","og_title":"Privacy - Azienda Energetica Prato","og_description":"[vc_row][vc_column][mk_padding_divider size=&#8221;20&#8243;][\/vc_column][\/vc_row][vc_row][vc_column][mk_fancy_title size=&#8221;36&#8243; force_font_size=&#8221;true&#8221; size_tablet=&#8221;32&#8243; size_phone=&#8221;26&#8243; txt_transform=&#8221;uppercase&#8221; margin_top=&#8221;60&#8243; margin_bottom=&#8221;50&#8243; font_family=&#8221;none&#8221; align=&#8221;center&#8221;]Privacy[\/mk_fancy_title][vc_column_text css=&#8221;.vc_custom_1641401222642{margin-bottom: 50px !important;}&#8221;] Informativa sulla protezione dei dati personali ai sensi dell\u2019art. 13 del Regolamento europeo sulla protezione dei dati n. 679\/2016 Prendiamo molto sul serio la protezione dei Suoi dati personali e, nell\u2019ambito della nostra attivit\u00e0, adottiamo tutte le misure necessarie per garantire [&hellip;]","og_url":"https:\/\/www.e-werk-prad.it\/it\/privacy\/","og_site_name":"Azienda Energetica Prato","article_modified_time":"2022-01-05T16:47:04+00:00","twitter_card":"summary_large_image","twitter_misc":{"Tempo di lettura stimato":"10 minuti"},"schema":{"@context":"https:\/\/schema.org","@graph":[{"@type":"WebPage","@id":"https:\/\/www.e-werk-prad.it\/it\/privacy\/","url":"https:\/\/www.e-werk-prad.it\/it\/privacy\/","name":"Privacy - Azienda Energetica Prato","isPartOf":{"@id":"https:\/\/www.e-werk-prad.it\/it\/#website"},"datePublished":"2018-07-23T10:03:13+00:00","dateModified":"2022-01-05T16:47:04+00:00","breadcrumb":{"@id":"https:\/\/www.e-werk-prad.it\/it\/privacy\/#breadcrumb"},"inLanguage":"it-IT","potentialAction":[{"@type":"ReadAction","target":["https:\/\/www.e-werk-prad.it\/it\/privacy\/"]}]},{"@type":"BreadcrumbList","@id":"https:\/\/www.e-werk-prad.it\/it\/privacy\/#breadcrumb","itemListElement":[{"@type":"ListItem","position":1,"name":"Startseite","item":"https:\/\/www.e-werk-prad.it\/it\/"},{"@type":"ListItem","position":2,"name":"Privacy"}]},{"@type":"WebSite","@id":"https:\/\/www.e-werk-prad.it\/it\/#website","url":"https:\/\/www.e-werk-prad.it\/it\/","name":"Energiewerk Prad","description":"","publisher":{"@id":"https:\/\/www.e-werk-prad.it\/it\/#organization"},"potentialAction":[{"@type":"SearchAction","target":{"@type":"EntryPoint","urlTemplate":"https:\/\/www.e-werk-prad.it\/it\/?s={search_term_string}"},"query-input":{"@type":"PropertyValueSpecification","valueRequired":true,"valueName":"search_term_string"}}],"inLanguage":"it-IT"},{"@type":"Organization","@id":"https:\/\/www.e-werk-prad.it\/it\/#organization","name":"Energiewerk Prad","url":"https:\/\/www.e-werk-prad.it\/it\/","logo":{"@type":"ImageObject","inLanguage":"it-IT","@id":"https:\/\/www.e-werk-prad.it\/it\/#\/schema\/logo\/image\/","url":"https:\/\/www.e-werk-prad.it\/wp-content\/uploads\/ewerk-prad-logo.png","contentUrl":"https:\/\/www.e-werk-prad.it\/wp-content\/uploads\/ewerk-prad-logo.png","width":92,"height":65,"caption":"Energiewerk Prad"},"image":{"@id":"https:\/\/www.e-werk-prad.it\/it\/#\/schema\/logo\/image\/"}}]}},"_links":{"self":[{"href":"https:\/\/www.e-werk-prad.it\/it\/wp-json\/wp\/v2\/pages\/6700","targetHints":{"allow":["GET"]}}],"collection":[{"href":"https:\/\/www.e-werk-prad.it\/it\/wp-json\/wp\/v2\/pages"}],"about":[{"href":"https:\/\/www.e-werk-prad.it\/it\/wp-json\/wp\/v2\/types\/page"}],"author":[{"embeddable":true,"href":"https:\/\/www.e-werk-prad.it\/it\/wp-json\/wp\/v2\/users\/1"}],"replies":[{"embeddable":true,"href":"https:\/\/www.e-werk-prad.it\/it\/wp-json\/wp\/v2\/comments?post=6700"}],"version-history":[{"count":3,"href":"https:\/\/www.e-werk-prad.it\/it\/wp-json\/wp\/v2\/pages\/6700\/revisions"}],"predecessor-version":[{"id":7254,"href":"https:\/\/www.e-werk-prad.it\/it\/wp-json\/wp\/v2\/pages\/6700\/revisions\/7254"}],"wp:attachment":[{"href":"https:\/\/www.e-werk-prad.it\/it\/wp-json\/wp\/v2\/media?parent=6700"}],"curies":[{"name":"wp","href":"https:\/\/api.w.org\/{rel}","templated":true}]}}